{"id":1886,"date":"2022-03-15T21:55:12","date_gmt":"2022-03-15T18:55:12","guid":{"rendered":"http:\/\/mam.com.tr\/?page_id=1886"},"modified":"2022-03-21T16:23:34","modified_gmt":"2022-03-21T13:23:34","slug":"haberler","status":"publish","type":"page","link":"http:\/\/mam.com.tr\/index.php\/haberler\/","title":{"rendered":"Haberler"},"content":{"rendered":"\n<p><\/p>\n\n\n<style>#kt-layout-id_8abb6e-ed > .kt-row-column-wrap{align-content:center;}:where(#kt-layout-id_8abb6e-ed > .kt-row-column-wrap) > .wp-block-kadence-column{justify-content:center;}#kt-layout-id_8abb6e-ed > .kt-row-column-wrap{column-gap:var(--global-kb-gap-none, 0rem );row-gap:var(--global-kb-gap-md, 2rem);padding-top:var( --global-kb-row-default-top, 25px );padding-bottom:var( --global-kb-row-default-bottom, 25px );padding-top:0px;padding-bottom:0px;padding-left:0px;padding-right:0px;grid-template-columns:repeat(2, minmax(0, 1fr));}#kt-layout-id_8abb6e-ed > .kt-row-layout-overlay{opacity:0.30;}@media all and (max-width: 1024px){#kt-layout-id_8abb6e-ed > .kt-row-column-wrap{grid-template-columns:repeat(2, minmax(0, 1fr));}}@media all and (max-width: 767px){#kt-layout-id_8abb6e-ed > .kt-row-column-wrap{grid-template-columns:minmax(0, 1fr);}}<\/style>\n<div class=\"wp-block-kadence-rowlayout alignnone\"><div id=\"kt-layout-id_8abb6e-ed\" class=\"kt-row-layout-inner kt-layout-id_8abb6e-ed\"><div class=\"kt-row-column-wrap kt-has-2-columns kt-gutter-none kt-v-gutter-default kt-row-valign-middle kt-row-layout-equal kt-tab-layout-inherit kt-m-colapse-left-to-right kt-mobile-layout-row\"><style>.kadence-column_665c4e-78 > .kt-inside-inner-col{border-top-width:0px;border-right-width:0px;border-bottom-width:0px;border-left-width:0px;}.kadence-column_665c4e-78 > .kt-inside-inner-col,.kadence-column_665c4e-78 > .kt-inside-inner-col:before{border-top-left-radius:0px;border-top-right-radius:0px;border-bottom-right-radius:0px;border-bottom-left-radius:0px;}.kadence-column_665c4e-78 > .kt-inside-inner-col{column-gap:var(--global-kb-gap-sm, 1rem);}.kadence-column_665c4e-78 > .kt-inside-inner-col{flex-direction:column;}.kadence-column_665c4e-78 > .kt-inside-inner-col > .aligncenter{width:100%;}.kadence-column_665c4e-78 > .kt-inside-inner-col:before{opacity:0.3;}.kadence-column_665c4e-78{text-align:left;}.kadence-column_665c4e-78{position:relative;}@media all and (max-width: 1024px){.kadence-column_665c4e-78 > .kt-inside-inner-col{flex-direction:column;justify-content:center;}}@media all and (max-width: 767px){.kadence-column_665c4e-78 > .kt-inside-inner-col{flex-direction:column;justify-content:center;}}<\/style>\n<div class=\"wp-block-kadence-column inner-column-1 kadence-column_665c4e-78\"><div class=\"kt-inside-inner-col\">\n<div class=\"wp-block-image\"><figure class=\"aligncenter size-full\"><img fetchpriority=\"high\" decoding=\"async\" width=\"755\" height=\"511\" src=\"http:\/\/mam.com.tr\/wp-content\/uploads\/2022\/03\/Slayt210-1.jpg\" alt=\"\" class=\"wp-image-2001\" srcset=\"http:\/\/mam.com.tr\/wp-content\/uploads\/2022\/03\/Slayt210-1.jpg 755w, http:\/\/mam.com.tr\/wp-content\/uploads\/2022\/03\/Slayt210-1-300x203.jpg 300w\" sizes=\"(max-width: 755px) 100vw, 755px\" \/><\/figure><\/div>\n<\/div><\/div>\n\n\n<style>.kadence-column_b88548-ae > .kt-inside-inner-col{padding-left:30px;padding-right:30px;}.kadence-column_b88548-ae > .kt-inside-inner-col{border-top-width:0px;border-right-width:0px;border-bottom-width:0px;border-left-width:0px;}.kadence-column_b88548-ae > .kt-inside-inner-col,.kadence-column_b88548-ae > .kt-inside-inner-col:before{border-top-left-radius:0px;border-top-right-radius:0px;border-bottom-right-radius:0px;border-bottom-left-radius:0px;}.kadence-column_b88548-ae > .kt-inside-inner-col{column-gap:var(--global-kb-gap-sm, 1rem);}.kadence-column_b88548-ae > .kt-inside-inner-col{flex-direction:column;}.kadence-column_b88548-ae > .kt-inside-inner-col > .aligncenter{width:100%;}.kadence-column_b88548-ae > .kt-inside-inner-col:before{opacity:0.3;}.kadence-column_b88548-ae{position:relative;}@media all and (max-width: 1024px){.kadence-column_b88548-ae > .kt-inside-inner-col{flex-direction:column;justify-content:center;}}@media all and (max-width: 767px){.kadence-column_b88548-ae > .kt-inside-inner-col{flex-direction:column;justify-content:center;}}<\/style>\n<div class=\"wp-block-kadence-column inner-column-2 kadence-column_b88548-ae\"><div class=\"kt-inside-inner-col\"><style>#kt-layout-id_3f3d4d-70 > .kt-row-column-wrap{align-content:start;}:where(#kt-layout-id_3f3d4d-70 > .kt-row-column-wrap) > .wp-block-kadence-column{justify-content:start;}#kt-layout-id_3f3d4d-70 > .kt-row-column-wrap{column-gap:var(--global-kb-gap-md, 2rem);row-gap:var(--global-kb-gap-md, 2rem);max-width:455px;margin-left:auto;margin-right:auto;padding-top:var( --global-kb-row-default-top, 25px );padding-bottom:var( --global-kb-row-default-bottom, 25px );padding-top:var(--global-kb-spacing-sm, 1.5rem);padding-bottom:var(--global-kb-spacing-sm, 1.5rem);grid-template-columns:minmax(0, 1fr);}#kt-layout-id_3f3d4d-70 > .kt-row-layout-overlay{opacity:0.30;}@media all and (max-width: 1024px){#kt-layout-id_3f3d4d-70 > .kt-row-column-wrap{grid-template-columns:minmax(0, 1fr);}}@media all and (max-width: 767px){#kt-layout-id_3f3d4d-70 > .kt-row-column-wrap{grid-template-columns:minmax(0, 1fr);}}<\/style>\n<div class=\"wp-block-kadence-rowlayout alignnone\"><div id=\"kt-layout-id_3f3d4d-70\" class=\"kt-row-layout-inner kt-layout-id_3f3d4d-70\"><div class=\"kt-row-column-wrap kt-has-1-columns kt-gutter-default kt-v-gutter-default kt-row-valign-top kt-row-layout-equal kt-tab-layout-inherit kt-m-colapse-left-to-right kt-mobile-layout-row\"><style>.kadence-column_85888f-43 > .kt-inside-inner-col{border-top-width:0px;border-right-width:0px;border-bottom-width:0px;border-left-width:0px;}.kadence-column_85888f-43 > .kt-inside-inner-col,.kadence-column_85888f-43 > .kt-inside-inner-col:before{border-top-left-radius:0px;border-top-right-radius:0px;border-bottom-right-radius:0px;border-bottom-left-radius:0px;}.kadence-column_85888f-43 > .kt-inside-inner-col{column-gap:var(--global-kb-gap-sm, 1rem);}.kadence-column_85888f-43 > .kt-inside-inner-col{flex-direction:column;}.kadence-column_85888f-43 > .kt-inside-inner-col > .aligncenter{width:100%;}.kadence-column_85888f-43 > .kt-inside-inner-col:before{opacity:0.3;}.kadence-column_85888f-43{position:relative;}@media all and (max-width: 1024px){.kadence-column_85888f-43 > .kt-inside-inner-col{flex-direction:column;justify-content:center;}}@media all and (max-width: 767px){.kadence-column_85888f-43 > .kt-inside-inner-col{flex-direction:column;justify-content:center;}}<\/style>\n<div class=\"wp-block-kadence-column inner-column-1 kadence-column_85888f-43\"><div class=\"kt-inside-inner-col\">\n<p class=\"has-text-align-left has-white-color has-text-color\" style=\"font-size:14px\">Bimta\u015f taraf\u0131ndan d\u00fczenlenen Beykoz \u00c7ubuklu Kentsel D\u00f6n\u00fc\u015f\u00fcm Projesi yar\u0131\u015fmas\u0131nda 1. \u00f6d\u00fcle dan\u0131\u015fmanl\u0131\u011f\u0131n\u0131 yapt\u0131\u011f\u0131m\u0131z Eyusta Mimarl\u0131k projesi se\u00e7ildi.<\/p>\n<\/div><\/div>\n<\/div><\/div><\/div>\n\n\n\n<p><\/p>\n<\/div><\/div>\n<\/div><\/div><\/div>\n","protected":false},"excerpt":{"rendered":"<p>Bimta\u015f taraf\u0131ndan d\u00fczenlenen Beykoz \u00c7ubuklu Kentsel D\u00f6n\u00fc\u015f\u00fcm Projesi yar\u0131\u015fmas\u0131nda 1. \u00f6d\u00fcle dan\u0131\u015fmanl\u0131\u011f\u0131n\u0131 yapt\u0131\u011f\u0131m\u0131z Eyusta Mimarl\u0131k projesi se\u00e7ildi.<\/p>\n","protected":false},"author":1,"featured_media":0,"parent":0,"menu_order":0,"comment_status":"closed","ping_status":"closed","template":"","meta":{"footnotes":""},"class_list":["post-1886","page","type-page","status-publish","hentry","dsn-half"],"_links":{"self":[{"href":"http:\/\/mam.com.tr\/index.php\/wp-json\/wp\/v2\/pages\/1886","targetHints":{"allow":["GET"]}}],"collection":[{"href":"http:\/\/mam.com.tr\/index.php\/wp-json\/wp\/v2\/pages"}],"about":[{"href":"http:\/\/mam.com.tr\/index.php\/wp-json\/wp\/v2\/types\/page"}],"author":[{"embeddable":true,"href":"http:\/\/mam.com.tr\/index.php\/wp-json\/wp\/v2\/users\/1"}],"replies":[{"embeddable":true,"href":"http:\/\/mam.com.tr\/index.php\/wp-json\/wp\/v2\/comments?post=1886"}],"version-history":[{"count":7,"href":"http:\/\/mam.com.tr\/index.php\/wp-json\/wp\/v2\/pages\/1886\/revisions"}],"predecessor-version":[{"id":2068,"href":"http:\/\/mam.com.tr\/index.php\/wp-json\/wp\/v2\/pages\/1886\/revisions\/2068"}],"wp:attachment":[{"href":"http:\/\/mam.com.tr\/index.php\/wp-json\/wp\/v2\/media?parent=1886"}],"curies":[{"name":"wp","href":"https:\/\/api.w.org\/{rel}","templated":true}]}}