{"id":1204,"date":"2021-12-05T13:38:46","date_gmt":"2021-12-05T10:38:46","guid":{"rendered":"https:\/\/mpalayapi.com\/?page_id=1204"},"modified":"2022-03-21T16:24:51","modified_gmt":"2022-03-21T13:24:51","slug":"iletisim","status":"publish","type":"page","link":"http:\/\/mam.com.tr\/index.php\/iletisim\/","title":{"rendered":"\u0130leti\u015fim"},"content":{"rendered":"\n<div style=\"height:86px\" aria-hidden=\"true\" class=\"wp-block-spacer\"><\/div>\n\n\n\n<div class=\"wp-block-getwid-section alignfull alignfull getwid-section-content-custom-width\"><div class=\"wp-block-getwid-section__wrapper getwid-padding-left-medium getwid-padding-right-medium\"><div class=\"wp-block-getwid-section__inner-wrapper\" style=\"max-width:1140px\"><div class=\"wp-block-getwid-section__background-holder\"><div class=\"wp-block-getwid-section__background\"><\/div><div class=\"wp-block-getwid-section__foreground\"><\/div><\/div><div class=\"wp-block-getwid-section__content\"><div class=\"wp-block-getwid-section__inner-content\">\n<div class=\"wp-block-getwid-advanced-heading\" style=\"margin-top:0px\"><span class=\"wp-block-getwid-advanced-heading__content\" style=\"text-align:center\">\u0130leti\u015fime Ge\u00e7<\/span><\/div>\n\n\n\n<div class=\"wp-block-getwid-advanced-spacer\" style=\"height:40px\" aria-hidden=\"true\"><\/div>\n\n\n\n<div class=\"wp-block-columns has-2-columns is-layout-flex wp-container-core-columns-is-layout-9d6595d7 wp-block-columns-is-layout-flex\">\n<div class=\"wp-block-column is-layout-flow wp-block-column-is-layout-flow\">\n<div class=\"wp-block-getwid-advanced-heading has-custom-font-size\" style=\"font-size:18px;margin-bottom:20px\"><h3 class=\"wp-block-getwid-advanced-heading__content\">Adres<\/h3><\/div>\n\n\n\n<p class=\"has-white-color has-text-color\" style=\"font-size:14px\">\u0130zzet Pa\u015fa Mh. Yeni Yol Cd. Nurol Tower No: 3 \u0130\u00e7 Kap\u0131 No: 336<br>\u015ei\u015fli \/ \u0130STANBUL<\/p>\n\n\n\n<hr class=\"wp-block-separator has-text-color has-background has-white-background-color has-white-color is-style-wide\"\/>\n\n\n\n<p><\/p>\n\n\n\n<div class=\"wp-block-getwid-advanced-heading has-custom-font-size\" style=\"font-size:18px;margin-bottom:20px\"><h3 class=\"wp-block-getwid-advanced-heading__content\">Telefon<\/h3><\/div>\n\n\n\n<p class=\"has-white-color has-text-color\" style=\"font-size:14px\">+90 212 982 58 14<\/p>\n\n\n\n<hr class=\"wp-block-separator has-text-color has-background has-white-background-color has-white-color is-style-wide\"\/>\n\n\n\n<div class=\"wp-block-getwid-advanced-heading has-custom-font-size\" style=\"font-size:18px;margin-bottom:20px\"><h3 class=\"wp-block-getwid-advanced-heading__content\">E-Mail<\/h3><\/div>\n\n\n\n<p class=\"has-white-color has-text-color\" style=\"font-size:14px\">info@mam.com.tr<\/p>\n\n\n\n<hr class=\"wp-block-separator has-text-color has-background has-white-background-color has-white-color is-style-wide\"\/>\n<\/div>\n\n\n\n<div class=\"wp-block-column is-layout-flow wp-block-column-is-layout-flow\">\n<h2 class=\"wp-block-heading\" style=\"font-size:18px\">Konum<\/h2>\n\n\n\n<div style=\"height:20px\" aria-hidden=\"true\" class=\"wp-block-spacer\"><\/div>\n\n\n\n<iframe src=\"https:\/\/www.google.com\/maps\/embed?pb=!1m18!1m12!1m3!1d3008.044039893052!2d28.984123815415867!3d41.068029979294835!2m3!1f0!2f0!3f0!3m2!1i1024!2i768!4f13.1!3m3!1m2!1s0x14cab71f38024d73%3A0x2bb1ca0560f7c55c!2sNurol%20Tower!5e0!3m2!1str!2str!4v1647172674110!5m2!1str!2str\" width=\"100%\" height=\"315\" style=\"border:0;\" allowfullscreen=\"\" loading=\"lazy\"><\/iframe>\n\n\n\n<p><\/p>\n<\/div>\n<\/div>\n\n\n\n<div style=\"height:35px\" aria-hidden=\"true\" class=\"wp-block-spacer\"><\/div>\n\n\n\n<h2 class=\"has-text-align-center wp-block-heading\" style=\"font-size:18px\">\u0130leti\u015fim Formu<\/h2>\n\n\n<style>.wp-block-kadence-spacer.kt-block-spacer-_f30c24-44 .kt-block-spacer{height:30px;}.wp-block-kadence-spacer.kt-block-spacer-_f30c24-44 .kt-divider{border-top-width:1px;height:1px;border-top-color:#eee;width:80%;border-top-style:solid;}<\/style>\n<div class=\"wp-block-kadence-spacer aligncenter kt-block-spacer-_f30c24-44\"><div class=\"kt-block-spacer kt-block-spacer-halign-center\" style=\"height:30px\"><hr class=\"kt-divider\" style=\"border-top-color:#eee;border-top-width:1px;width:80%;border-top-style:solid\"\/><\/div><\/div>\n\n\n<style>#kt-layout-id_48ffdf-d0 > .kt-row-column-wrap{align-content:start;}:where(#kt-layout-id_48ffdf-d0 > .kt-row-column-wrap) > .wp-block-kadence-column{justify-content:start;}#kt-layout-id_48ffdf-d0 > .kt-row-column-wrap{column-gap:var(--global-kb-gap-md, 2rem);row-gap:var(--global-kb-gap-md, 2rem);max-width:960px;padding-top:var( --global-kb-row-default-top, 25px );padding-bottom:var( --global-kb-row-default-bottom, 25px );padding-top:var(--global-kb-spacing-sm, 1.5rem);padding-bottom:var(--global-kb-spacing-sm, 1.5rem);grid-template-columns:minmax(0, 1fr);}#kt-layout-id_48ffdf-d0 > .kt-row-layout-overlay{opacity:0.30;}#kt-layout-id_48ffdf-d0 ,#kt-layout-id_48ffdf-d0 h1,#kt-layout-id_48ffdf-d0 h2,#kt-layout-id_48ffdf-d0 h3,#kt-layout-id_48ffdf-d0 h4,#kt-layout-id_48ffdf-d0 h5,#kt-layout-id_48ffdf-d0 h6{color:#000000;}@media all and (max-width: 1024px){#kt-layout-id_48ffdf-d0 > .kt-row-column-wrap{grid-template-columns:minmax(0, 1fr);}}@media all and (max-width: 767px){#kt-layout-id_48ffdf-d0 > .kt-row-column-wrap{grid-template-columns:minmax(0, 1fr);}}<\/style>\n<div class=\"wp-block-kadence-rowlayout aligncenter\"><div id=\"kt-layout-id_48ffdf-d0\" class=\"kt-row-layout-inner kt-layout-id_48ffdf-d0\"><div class=\"kt-row-column-wrap kt-has-1-columns kt-gutter-default kt-v-gutter-default kt-row-valign-top kt-row-layout-equal kt-tab-layout-inherit kt-m-colapse-left-to-right kt-mobile-layout-row kb-theme-content-width\"><style>.kadence-column_71b4d4-e3 > .kt-inside-inner-col{border-color:#ffffff;border-top-width:0px;border-right-width:0px;border-bottom-width:0px;border-left-width:0px;}.kadence-column_71b4d4-e3 > .kt-inside-inner-col,.kadence-column_71b4d4-e3 > .kt-inside-inner-col:before{border-top-left-radius:0px;border-top-right-radius:0px;border-bottom-right-radius:0px;border-bottom-left-radius:0px;}.kadence-column_71b4d4-e3 > .kt-inside-inner-col{column-gap:var(--global-kb-gap-sm, 1rem);}.kadence-column_71b4d4-e3 > .kt-inside-inner-col{flex-direction:column;}.kadence-column_71b4d4-e3 > .kt-inside-inner-col > .aligncenter{width:100%;}.kadence-column_71b4d4-e3 > .kt-inside-inner-col:before{opacity:0.3;}.kadence-column_71b4d4-e3, .kadence-column_71b4d4-e3 h1, .kadence-column_71b4d4-e3 h2, .kadence-column_71b4d4-e3 h3, .kadence-column_71b4d4-e3 h4, .kadence-column_71b4d4-e3 h5, .kadence-column_71b4d4-e3 h6{color:#ffffff;}.kadence-column_71b4d4-e3{position:relative;}@media all and (max-width: 1024px){.kadence-column_71b4d4-e3 > .kt-inside-inner-col{flex-direction:column;justify-content:center;}}@media all and (max-width: 767px){.kadence-column_71b4d4-e3 > .kt-inside-inner-col{flex-direction:column;justify-content:center;}}<\/style>\n<div class=\"wp-block-kadence-column inner-column-1 kadence-column_71b4d4-e3\"><div class=\"kt-inside-inner-col\"><style>.kb-form input.kadence-blocks-field.verify{opacity:0.0;position:absolute;top:0.0;left:0.0;width:0.0;height:0.0;z-index:-1;}<\/style>\n<div class=\"wp-block-kadence-form kadence-form-_377354-d9 kb-form-wrap\"><form class=\"kb-form\" action=\"\" method=\"post\" data-error-message=\"L\u00fctfen bilgileri eksiksiz giriniz.\"><div class=\"kadence-blocks-form-field kb-field-desk-width-100 kb-input-size-standard\"><label for=\"kb_field__377354-d9_0\">\u0130sim<span class=\"required\">*<\/span><\/label><input name=\"kb_field_0\" id=\"kb_field__377354-d9_0\" data-label=\"\u0130sim\" type=\"text\" placeholder=\"\" value=\"\" data-type=\"text\" class=\"kb-field kb-text-style-field kb-text-field kb-field-0\" data-required=\"yes\" data-required-message=\"\u0130sim girilmesi zorunludur.\"\/><\/div><div class=\"kadence-blocks-form-field kb-form-field-1 kb-field-desk-width-100 kb-input-size-standard\"><label for=\"kb_field__377354-d9_1\">E-mail<span class=\"required\">*<\/span><\/label><input name=\"kb_field_1\" id=\"kb_field__377354-d9_1\" data-label=\"E-mail\" type=\"email\" placeholder=\"\" value=\"\" data-type=\"email\" class=\"kb-field kb-text-style-field kb-email-field kb-field-1\" data-required=\"yes\" data-required-message=\"E-mail girilmesi zorunludur.\"\/><\/div><div class=\"kadence-blocks-form-field kb-form-field-2 kb-field-desk-width-100 kb-input-size-standard\"><label for=\"kb_field__377354-d9_2\">Mesaj\u0131n\u0131z<span class=\"required\">*<\/span><\/label><textarea name=\"kb_field_2\" id=\"kb_field__377354-d9_2\" data-label=\"Mesaj\u0131n\u0131z\" type=\"textarea\" placeholder=\"\" data-type=\"textarea\" class=\"kb-field kb-text-style-field kb-textarea-field kb-field-2\" rows=\"4\" data-required=\"yes\" data-required-message=\"Mesaj girilmesi zorunludur.\"><\/textarea><\/div><input type=\"hidden\" name=\"_kb_form_id\" value=\"_377354-d9\"\/><input type=\"hidden\" name=\"_kb_form_post_id\" value=\"1204\"\/><input type=\"hidden\" name=\"action\" value=\"kb_process_ajax_submit\"\/><label class=\"kadence-verify-label\">Email<input class=\"kadence-blocks-field verify\" type=\"text\" name=\"_kb_verify_email\" autocomplete=\"new-password\" aria-hidden=\"true\" placeholder=\"Email\" tabindex=\"-1\" data-1p-ignore=\"true\" data-lpignore=\"true\" \/><\/label><div class=\"kadence-blocks-form-field kb-submit-field kb-field-desk-width-100\"><button class=\"kb-forms-submit button kb-button-size-custom kb-button-width-full\">MESAJI G\u00d6NDER<\/button><\/div><\/form><\/div>\n<noscript><div class=\"kadence-blocks-form-message kadence-blocks-form-warning\">Please enable JavaScript in your browser to submit the form<\/div><style>.kadence-form-_377354-d9 .kadence-blocks-form-field.kb-submit-field { display: none; }<\/style><\/noscript><\/div><\/div>\n<\/div><\/div><\/div>\n<\/div><\/div><\/div><\/div><\/div>\n\n\n\n<div style=\"height:50px\" aria-hidden=\"true\" class=\"wp-block-spacer\"><\/div>\n","protected":false},"excerpt":{"rendered":"","protected":false},"author":1,"featured_media":1443,"parent":0,"menu_order":0,"comment_status":"closed","ping_status":"closed","template":"redux-templates_contained","meta":{"footnotes":""},"class_list":["post-1204","page","type-page","status-publish","has-post-thumbnail","hentry","dsn-half"],"_links":{"self":[{"href":"http:\/\/mam.com.tr\/index.php\/wp-json\/wp\/v2\/pages\/1204","targetHints":{"allow":["GET"]}}],"collection":[{"href":"http:\/\/mam.com.tr\/index.php\/wp-json\/wp\/v2\/pages"}],"about":[{"href":"http:\/\/mam.com.tr\/index.php\/wp-json\/wp\/v2\/types\/page"}],"author":[{"embeddable":true,"href":"http:\/\/mam.com.tr\/index.php\/wp-json\/wp\/v2\/users\/1"}],"replies":[{"embeddable":true,"href":"http:\/\/mam.com.tr\/index.php\/wp-json\/wp\/v2\/comments?post=1204"}],"version-history":[{"count":51,"href":"http:\/\/mam.com.tr\/index.php\/wp-json\/wp\/v2\/pages\/1204\/revisions"}],"predecessor-version":[{"id":2069,"href":"http:\/\/mam.com.tr\/index.php\/wp-json\/wp\/v2\/pages\/1204\/revisions\/2069"}],"wp:featuredmedia":[{"embeddable":true,"href":"http:\/\/mam.com.tr\/index.php\/wp-json\/wp\/v2\/media\/1443"}],"wp:attachment":[{"href":"http:\/\/mam.com.tr\/index.php\/wp-json\/wp\/v2\/media?parent=1204"}],"curies":[{"name":"wp","href":"https:\/\/api.w.org\/{rel}","templated":true}]}}