{"id":1171,"date":"2021-12-05T12:38:10","date_gmt":"2021-12-05T09:38:10","guid":{"rendered":"https:\/\/mpalayapi.com\/?page_id=1171"},"modified":"2024-10-21T13:50:37","modified_gmt":"2024-10-21T10:50:37","slug":"kurumsal","status":"publish","type":"page","link":"http:\/\/mam.com.tr\/index.php\/kurumsal\/","title":{"rendered":"Kurumsal"},"content":{"rendered":"\n<div style=\"height:31px\" aria-hidden=\"true\" class=\"wp-block-spacer\"><\/div>\n\n\n\n<div class=\"wp-block-getwid-section alignfull alignfull getwid-section-content-custom-width\"><div class=\"wp-block-getwid-section__wrapper getwid-padding-left-medium getwid-padding-right-medium\"><div class=\"wp-block-getwid-section__inner-wrapper\" style=\"max-width:1140px\"><div class=\"wp-block-getwid-section__background-holder\"><div class=\"wp-block-getwid-section__background\"><\/div><div class=\"wp-block-getwid-section__foreground\"><\/div><\/div><div class=\"wp-block-getwid-section__content\"><div class=\"wp-block-getwid-section__inner-content\"><style>.kb-row-layout-id1171_29b270-fe > .kt-row-column-wrap{align-content:start;}:where(.kb-row-layout-id1171_29b270-fe > .kt-row-column-wrap) > .wp-block-kadence-column{justify-content:start;}.kb-row-layout-id1171_29b270-fe > .kt-row-column-wrap{column-gap:var(--global-kb-gap-md, 2rem);row-gap:var(--global-kb-gap-md, 2rem);max-width:1600px;margin-left:auto;margin-right:auto;padding-top:var(--global-kb-spacing-sm, 1.5rem);padding-bottom:var(--global-kb-spacing-sm, 1.5rem);grid-template-columns:minmax(0, calc(30% - ((var(--global-kb-gap-md, 2rem) * 1 )\/2)))minmax(0, calc(70% - ((var(--global-kb-gap-md, 2rem) * 1 )\/2)));}.kb-row-layout-id1171_29b270-fe > .kt-row-layout-overlay{opacity:0.30;}@media all and (max-width: 1024px){.kb-row-layout-id1171_29b270-fe > .kt-row-column-wrap{grid-template-columns:minmax(0, 1fr) minmax(0, 2fr);}}@media all and (max-width: 767px){.kb-row-layout-id1171_29b270-fe > .kt-row-column-wrap{grid-template-columns:minmax(0, 1fr);}}<\/style><div class=\"kb-row-layout-wrap kb-row-layout-id1171_29b270-fe alignnone wp-block-kadence-rowlayout\"><div class=\"kt-row-column-wrap kt-has-2-columns kt-row-layout-right-golden kt-tab-layout-inherit kt-mobile-layout-row kt-row-valign-top\">\n<style>.kadence-column1171_f92a20-a4 > .kt-inside-inner-col,.kadence-column1171_f92a20-a4 > .kt-inside-inner-col:before{border-top-left-radius:0px;border-top-right-radius:0px;border-bottom-right-radius:0px;border-bottom-left-radius:0px;}.kadence-column1171_f92a20-a4 > .kt-inside-inner-col{column-gap:var(--global-kb-gap-sm, 1rem);}.kadence-column1171_f92a20-a4 > .kt-inside-inner-col{flex-direction:column;}.kadence-column1171_f92a20-a4 > .kt-inside-inner-col > .aligncenter{width:100%;}.kadence-column1171_f92a20-a4 > .kt-inside-inner-col:before{opacity:0.3;}.kadence-column1171_f92a20-a4{position:relative;}@media all and (max-width: 1024px){.kadence-column1171_f92a20-a4 > .kt-inside-inner-col{flex-direction:column;justify-content:center;}}@media all and (max-width: 767px){.kadence-column1171_f92a20-a4 > .kt-inside-inner-col{flex-direction:column;justify-content:center;}}<\/style>\n<div class=\"wp-block-kadence-column kadence-column1171_f92a20-a4 inner-column-1\"><div class=\"kt-inside-inner-col\">\n<figure class=\"wp-block-image size-large\"><img fetchpriority=\"high\" decoding=\"async\" width=\"524\" height=\"591\" src=\"http:\/\/mam.com.tr\/wp-content\/uploads\/2022\/03\/murat-ak.png\" alt=\"\" class=\"wp-image-1358\" srcset=\"http:\/\/mam.com.tr\/wp-content\/uploads\/2022\/03\/murat-ak.png 524w, http:\/\/mam.com.tr\/wp-content\/uploads\/2022\/03\/murat-ak-266x300.png 266w\" sizes=\"(max-width: 524px) 100vw, 524px\" \/><\/figure>\n\n\n\n<div style=\"text-align: center;\"><span style=\"color: rgb(255, 255, 255);\"><span style=\"font-size: large;\"><strong>Murat AK<\/strong><\/span><br>\n<span style=\"font-size: medium;\">Mimar<\/span><\/span><\/div>\n\n\n\n<hr class=\"wp-block-separator has-text-color has-white-color has-css-opacity has-white-background-color has-background is-style-wide\"\/>\n<\/div><\/div>\n\n\n<style>.kadence-column1171_096617-7a > .kt-inside-inner-col,.kadence-column1171_096617-7a > .kt-inside-inner-col:before{border-top-left-radius:0px;border-top-right-radius:0px;border-bottom-right-radius:0px;border-bottom-left-radius:0px;}.kadence-column1171_096617-7a > .kt-inside-inner-col{column-gap:var(--global-kb-gap-sm, 1rem);}.kadence-column1171_096617-7a > .kt-inside-inner-col{flex-direction:column;}.kadence-column1171_096617-7a > .kt-inside-inner-col > .aligncenter{width:100%;}.kadence-column1171_096617-7a > .kt-inside-inner-col:before{opacity:0.3;}.kadence-column1171_096617-7a{position:relative;}@media all and (max-width: 1024px){.kadence-column1171_096617-7a > .kt-inside-inner-col{flex-direction:column;justify-content:center;}}@media all and (max-width: 767px){.kadence-column1171_096617-7a > .kt-inside-inner-col{flex-direction:column;justify-content:center;}}<\/style>\n<div class=\"wp-block-kadence-column kadence-column1171_096617-7a inner-column-2\"><div class=\"kt-inside-inner-col\">\n<p class=\"has-white-color has-text-color\" style=\"font-size:14px\">Murat Ak 1974 y\u0131l\u0131nda \u0130stanbul\u2019da do\u011fdu.<br><br>MA Mimar Sinan G\u00fczel Sanatlar \u00dcniversitesi\u2019ni 2001 y\u0131l\u0131nda Lisans derecesi ile bitirdi..<br><br>Mimarl\u0131k kariyerine \u00fcniversitedeki hocalar\u0131n\u0131n ofislerinde stajer mimar olarak ba\u015flad\u0131.(1995-2000)<br><br>Daha sonra Leo Design\u2019de Re\u015fit Soley\u2019in ekibine mimar olarak kat\u0131ld\u0131. (2000 \u2013 2001)<br><br>MA askerlik g\u00f6revini Yedek Subay Mimar olarak yapt\u0131.(2002 \u2013 2003) Askerli\u011fi s\u00fcresince Ankara\u2019da engelli asker \u00e7ocuklar\u0131 i\u00e7in \u00f6zel bir okul ve Nev\u015fehir\u2019de At ve K\u00f6pek E\u011fitim ve \u00dcretim Merkezi projelerini haz\u0131rlad\u0131. (JAKEM \u2013 30.000 m\u00b2)<br><br>Askerlik hizmetinin ard\u0131ndan \u0130kidesigngroup\u2019ta Proje Sorumlusu ve Ofis Koordinat\u00f6r\u00fc olarak \u00e7al\u0131\u015ft\u0131. (2003 \u2013 2012)<br><br>MA Durul Ku\u015fdemir ve Kubilay Ak\u0131c\u0131 ile birlikte 2012 \u2013 2019 y\u0131llar\u0131 aras\u0131nda V\u0130VA\u2019da kurucu ortak olarak g\u00f6rev ald\u0131. V\u0130VA\u2019da \u00e7al\u0131\u015ft\u0131\u011f\u0131 s\u00fcrede bir\u00e7ok \u00f6d\u00fcl alan projeyi tamamlad\u0131.<br><br>2020 \u2013 2021 y\u0131llar\u0131nda aile \u015firketi olan Ailem Mantar firmas\u0131nda\u00a0 tar\u0131m sekt\u00f6r\u00fcnde \u00e7al\u0131\u015ft\u0131.<br><br>2020 sonras\u0131nda farkl\u0131 ofislere dan\u0131\u015fmanl\u0131k yapt\u0131ktan sonra 2022 y\u0131l\u0131nda MAM Murat Ak Mimarl\u0131k firmas\u0131n\u0131 kurarak mimarl\u0131k sekt\u00f6r\u00fcne geri d\u00f6nd\u00fc.<br><br>Mimari, \u0130\u00e7 Mimari, Proje Y\u00f6netimi ve Dan\u0131\u015fmanl\u0131k Hizmetleri vermektedir.<\/p>\n\n\n\n<p><\/p>\n\n\n\n<p><\/p>\n<\/div><\/div>\n\n<\/div><\/div><\/div><\/div><\/div><\/div><\/div>\n\n\n\n<p><\/p>\n\n\n\n<div class=\"wp-block-columns is-layout-flex wp-container-core-columns-is-layout-9d6595d7 wp-block-columns-is-layout-flex\">\n<div class=\"wp-block-column is-layout-flow wp-block-column-is-layout-flow\" style=\"flex-basis:66.66%\"><style>.kb-row-layout-id1171_83fe05-d2 > .kt-row-column-wrap{align-content:start;}:where(.kb-row-layout-id1171_83fe05-d2 > .kt-row-column-wrap) > .wp-block-kadence-column{justify-content:start;}.kb-row-layout-id1171_83fe05-d2 > .kt-row-column-wrap{column-gap:var(--global-kb-gap-md, 2rem);row-gap:var(--global-kb-gap-md, 2rem);padding-top:var(--global-kb-spacing-sm, 1.5rem);padding-bottom:var(--global-kb-spacing-sm, 1.5rem);grid-template-columns:minmax(0, 1fr);}.kb-row-layout-id1171_83fe05-d2 > .kt-row-layout-overlay{opacity:0.30;}@media all and (max-width: 1024px){.kb-row-layout-id1171_83fe05-d2 > .kt-row-column-wrap{grid-template-columns:minmax(0, 1fr);}}@media all and (max-width: 767px){.kb-row-layout-id1171_83fe05-d2 > .kt-row-column-wrap{grid-template-columns:minmax(0, 1fr);}}<\/style><div class=\"kb-row-layout-wrap kb-row-layout-id1171_83fe05-d2 alignnone wp-block-kadence-rowlayout\"><div class=\"kt-row-column-wrap kt-has-1-columns kt-row-layout-equal kt-tab-layout-inherit kt-mobile-layout-row kt-row-valign-top\">\n<style>.kadence-column1171_83b794-43 > .kt-inside-inner-col,.kadence-column1171_83b794-43 > .kt-inside-inner-col:before{border-top-left-radius:0px;border-top-right-radius:0px;border-bottom-right-radius:0px;border-bottom-left-radius:0px;}.kadence-column1171_83b794-43 > .kt-inside-inner-col{column-gap:var(--global-kb-gap-sm, 1rem);}.kadence-column1171_83b794-43 > .kt-inside-inner-col{flex-direction:column;}.kadence-column1171_83b794-43 > .kt-inside-inner-col > .aligncenter{width:100%;}.kadence-column1171_83b794-43 > .kt-inside-inner-col:before{opacity:0.3;}.kadence-column1171_83b794-43{position:relative;}@media all and (max-width: 1024px){.kadence-column1171_83b794-43 > .kt-inside-inner-col{flex-direction:column;justify-content:center;}}@media all and (max-width: 767px){.kadence-column1171_83b794-43 > .kt-inside-inner-col{flex-direction:column;justify-content:center;}}<\/style>\n<div class=\"wp-block-kadence-column kadence-column1171_83b794-43 inner-column-1\"><div class=\"kt-inside-inner-col\"><\/div><\/div>\n\n<\/div><\/div><\/div>\n<\/div>\n","protected":false},"excerpt":{"rendered":"","protected":false},"author":1,"featured_media":1355,"parent":0,"menu_order":0,"comment_status":"closed","ping_status":"closed","template":"redux-templates_contained","meta":{"footnotes":""},"class_list":["post-1171","page","type-page","status-publish","has-post-thumbnail","hentry","dsn-half"],"_links":{"self":[{"href":"http:\/\/mam.com.tr\/index.php\/wp-json\/wp\/v2\/pages\/1171","targetHints":{"allow":["GET"]}}],"collection":[{"href":"http:\/\/mam.com.tr\/index.php\/wp-json\/wp\/v2\/pages"}],"about":[{"href":"http:\/\/mam.com.tr\/index.php\/wp-json\/wp\/v2\/types\/page"}],"author":[{"embeddable":true,"href":"http:\/\/mam.com.tr\/index.php\/wp-json\/wp\/v2\/users\/1"}],"replies":[{"embeddable":true,"href":"http:\/\/mam.com.tr\/index.php\/wp-json\/wp\/v2\/comments?post=1171"}],"version-history":[{"count":106,"href":"http:\/\/mam.com.tr\/index.php\/wp-json\/wp\/v2\/pages\/1171\/revisions"}],"predecessor-version":[{"id":2331,"href":"http:\/\/mam.com.tr\/index.php\/wp-json\/wp\/v2\/pages\/1171\/revisions\/2331"}],"wp:featuredmedia":[{"embeddable":true,"href":"http:\/\/mam.com.tr\/index.php\/wp-json\/wp\/v2\/media\/1355"}],"wp:attachment":[{"href":"http:\/\/mam.com.tr\/index.php\/wp-json\/wp\/v2\/media?parent=1171"}],"curies":[{"name":"wp","href":"https:\/\/api.w.org\/{rel}","templated":true}]}}